{"id":423,"date":"2017-10-05T01:55:31","date_gmt":"2017-10-05T04:55:31","guid":{"rendered":"http:\/\/f64.test\/sobre\/"},"modified":"2018-12-06T17:35:55","modified_gmt":"2018-12-06T19:35:55","slug":"about","status":"publish","type":"page","link":"https:\/\/f64filmes.com\/f64\/en\/about\/","title":{"rendered":"About"},"content":{"rendered":"<p>F64 Films is a film producer based in Goi\u00e2nia, Goi\u00e1s. Herdeira and one of the fruits of Cineclube Ant\u00f4nio das Mortes, created in 1977, present in exhibitions, debates and independent productions, an F64 Cinematography was born in 2013 by initiative of Bel\u00e9m de Oliveira, Wadih Elkadi and Victor Arantes for audiovisual projects of political and aesthetic strength aimed at the national and international market.<\/p>\n<p>In search of artistic and technical excellence, the producer develops and realizes all its projects with the help of diverse &#8211; regional, national or international. In this way, a national and international coproduction is its strategy of action.<\/p>\n<p>Among the projects carried out by F64 Films, we highlight works for cinema, television, feature films, short films, shows, debates and film festivals.<\/p>\n","protected":false},"excerpt":{"rendered":"<p>F64 Films is a film producer based in Goi\u00e2nia, Goi\u00e1s. Herdeira and one of the fruits of Cineclube Ant\u00f4nio das Mortes, created in 1977, present in exhibitions, debates and independent productions, an F64 Cinematography was born in 2013 by initiative of Bel\u00e9m de Oliveira, Wadih Elkadi and Victor Arantes for audiovisual projects of political and [&hellip;]<\/p>\n","protected":false},"author":2,"featured_media":0,"parent":0,"menu_order":0,"comment_status":"closed","ping_status":"closed","template":"template-about.php","meta":{"_acf_changed":false,"_exactmetrics_skip_tracking":false,"_exactmetrics_sitenote_active":false,"_exactmetrics_sitenote_note":"","_exactmetrics_sitenote_category":0,"footnotes":""},"class_list":["post-423","page","type-page","status-publish","hentry"],"acf":{"equipe_repeater":[{"eqp_imagem":418,"eqp_nome":"Bel\u00e9m de Oliveira","eqp_texto":"<p align=\"justify\" style=\"text-align: justify;\">Bel\u00e9m de Oliveira is graduate in Economy at Unicamp and he has a Master degree in Development Economics at Sorbonne Nouvelle (Paris 3). He also has a Master degree in Cinema at the University Paris-Diderot (Paris7). Living in France we worked for several productions as cinematographer, director and producer, like as Libert\u00e9 Ch\u00e9rie.<\/p>\r\n<p align=\"justify\" style=\"text-align: justify;\">In 2013 he founded in Brasil his own company, F64 Filmes that is focused in international coproduction for cinema and TV, and he produced in 2016, the documentary Taego \u00c3wa which premiered in the Cinema du R\u00e9el in Paris and this year he is going to release the feature El \u00daltimo Pa\u00eds, a co-production with Brazil, Cuba and Angola, that will premier at the Festival de Malaga in april 2018.<\/p>\r\n<p align=\"justify\" style=\"text-align: justify;\">Nowadays he is producing his first feature documentary Cu de boi (The big match). Bel\u00e9m de Oliveira is cinematographer, producer, musician and founding partner at F64 filmes.<\/p>"},{"eqp_imagem":420,"eqp_nome":"Wadih Elkadi","eqp_texto":"<p align=\"justify\" style=\"text-align: justify;\">Wadih Elkadi has been Executive Producer of F64 Films since its foundation in 2013. He is Producer of BIS - Biennial of International Cinema of Sound. He began his work in the audiovisual area by organizing more than 40 Japanese animation shows between 2002 and 2010. During this period he also worked as a Cultural Producer for some companies and universities such as PUC \/ GO, UEG and Saraiva Bookshop. His last productions between long and short films, and series for TV, were: Taego Awa, The Big Match, In The Dark, Roots, By The Eaves, among others. It will launch in 2018 its first feature film as director, the documentary No pa\u00eds do football.<\/p>"}]},"yoast_head":"<!-- This site is optimized with the Yoast SEO plugin v23.3 - https:\/\/yoast.com\/wordpress\/plugins\/seo\/ -->\n<title>About - F64 Filmes<\/title>\n<meta name=\"description\" content=\"A F64 Filmes, sediada em Goi\u00e2nia, Goi\u00e1s, nasceu em 2013 por iniciativa de Bel\u00e9m de Oliveira, Wadih Elkadi e Victor Arantes para desenvolver projetos audiovisuais de for\u00e7a pol\u00edtica e est\u00e9tica voltados para o mercado nacional e internacional.\" \/>\n<meta name=\"robots\" content=\"index, follow, max-snippet:-1, max-image-preview:large, max-video-preview:-1\" \/>\n<link rel=\"canonical\" href=\"https:\/\/f64filmes.com\/f64\/en\/about\/\" \/>\n<meta property=\"og:locale\" content=\"en_US\" \/>\n<meta property=\"og:type\" content=\"article\" \/>\n<meta property=\"og:title\" content=\"About - F64 Filmes\" \/>\n<meta property=\"og:description\" content=\"A F64 Filmes, sediada em Goi\u00e2nia, Goi\u00e1s, nasceu em 2013 por iniciativa de Bel\u00e9m de Oliveira, Wadih Elkadi e Victor Arantes para desenvolver projetos audiovisuais de for\u00e7a pol\u00edtica e est\u00e9tica voltados para o mercado nacional e internacional.\" \/>\n<meta property=\"og:url\" content=\"https:\/\/f64filmes.com\/f64\/en\/about\/\" \/>\n<meta property=\"og:site_name\" content=\"F64 Filmes\" \/>\n<meta property=\"article:modified_time\" content=\"2018-12-06T19:35:55+00:00\" \/>\n<meta name=\"twitter:card\" content=\"summary_large_image\" \/>\n<meta name=\"twitter:label1\" content=\"Est. reading time\" \/>\n\t<meta name=\"twitter:data1\" content=\"1 minute\" \/>\n<script type=\"application\/ld+json\" class=\"yoast-schema-graph\">{\"@context\":\"https:\/\/schema.org\",\"@graph\":[{\"@type\":\"WebPage\",\"@id\":\"https:\/\/f64filmes.com\/f64\/en\/about\/\",\"url\":\"https:\/\/f64filmes.com\/f64\/en\/about\/\",\"name\":\"About - F64 Filmes\",\"isPartOf\":{\"@id\":\"https:\/\/f64filmes.com\/f64\/#website\"},\"datePublished\":\"2017-10-05T04:55:31+00:00\",\"dateModified\":\"2018-12-06T19:35:55+00:00\",\"description\":\"A F64 Filmes, sediada em Goi\u00e2nia, Goi\u00e1s, nasceu em 2013 por iniciativa de Bel\u00e9m de Oliveira, Wadih Elkadi e Victor Arantes para desenvolver projetos audiovisuais de for\u00e7a pol\u00edtica e est\u00e9tica voltados para o mercado nacional e internacional.\",\"breadcrumb\":{\"@id\":\"https:\/\/f64filmes.com\/f64\/en\/about\/#breadcrumb\"},\"inLanguage\":\"en-US\",\"potentialAction\":[{\"@type\":\"ReadAction\",\"target\":[\"https:\/\/f64filmes.com\/f64\/en\/about\/\"]}]},{\"@type\":\"BreadcrumbList\",\"@id\":\"https:\/\/f64filmes.com\/f64\/en\/about\/#breadcrumb\",\"itemListElement\":[{\"@type\":\"ListItem\",\"position\":1,\"name\":\"In\u00edcio\",\"item\":\"https:\/\/f64filmes.com\/f64\/\"},{\"@type\":\"ListItem\",\"position\":2,\"name\":\"About\"}]},{\"@type\":\"WebSite\",\"@id\":\"https:\/\/f64filmes.com\/f64\/#website\",\"url\":\"https:\/\/f64filmes.com\/f64\/\",\"name\":\"F64 Filmes\",\"description\":\"A F64 Filmes \u00e9 uma produtora audiovisual focada em cinema e televis\u00e3o.\",\"potentialAction\":[{\"@type\":\"SearchAction\",\"target\":{\"@type\":\"EntryPoint\",\"urlTemplate\":\"https:\/\/f64filmes.com\/f64\/?s={search_term_string}\"},\"query-input\":\"required name=search_term_string\"}],\"inLanguage\":\"en-US\"}]}<\/script>\n<!-- \/ Yoast SEO plugin. -->","yoast_head_json":{"title":"About - F64 Filmes","description":"A F64 Filmes, sediada em Goi\u00e2nia, Goi\u00e1s, nasceu em 2013 por iniciativa de Bel\u00e9m de Oliveira, Wadih Elkadi e Victor Arantes para desenvolver projetos audiovisuais de for\u00e7a pol\u00edtica e est\u00e9tica voltados para o mercado nacional e internacional.","robots":{"index":"index","follow":"follow","max-snippet":"max-snippet:-1","max-image-preview":"max-image-preview:large","max-video-preview":"max-video-preview:-1"},"canonical":"https:\/\/f64filmes.com\/f64\/en\/about\/","og_locale":"en_US","og_type":"article","og_title":"About - F64 Filmes","og_description":"A F64 Filmes, sediada em Goi\u00e2nia, Goi\u00e1s, nasceu em 2013 por iniciativa de Bel\u00e9m de Oliveira, Wadih Elkadi e Victor Arantes para desenvolver projetos audiovisuais de for\u00e7a pol\u00edtica e est\u00e9tica voltados para o mercado nacional e internacional.","og_url":"https:\/\/f64filmes.com\/f64\/en\/about\/","og_site_name":"F64 Filmes","article_modified_time":"2018-12-06T19:35:55+00:00","twitter_card":"summary_large_image","twitter_misc":{"Est. reading time":"1 minute"},"schema":{"@context":"https:\/\/schema.org","@graph":[{"@type":"WebPage","@id":"https:\/\/f64filmes.com\/f64\/en\/about\/","url":"https:\/\/f64filmes.com\/f64\/en\/about\/","name":"About - F64 Filmes","isPartOf":{"@id":"https:\/\/f64filmes.com\/f64\/#website"},"datePublished":"2017-10-05T04:55:31+00:00","dateModified":"2018-12-06T19:35:55+00:00","description":"A F64 Filmes, sediada em Goi\u00e2nia, Goi\u00e1s, nasceu em 2013 por iniciativa de Bel\u00e9m de Oliveira, Wadih Elkadi e Victor Arantes para desenvolver projetos audiovisuais de for\u00e7a pol\u00edtica e est\u00e9tica voltados para o mercado nacional e internacional.","breadcrumb":{"@id":"https:\/\/f64filmes.com\/f64\/en\/about\/#breadcrumb"},"inLanguage":"en-US","potentialAction":[{"@type":"ReadAction","target":["https:\/\/f64filmes.com\/f64\/en\/about\/"]}]},{"@type":"BreadcrumbList","@id":"https:\/\/f64filmes.com\/f64\/en\/about\/#breadcrumb","itemListElement":[{"@type":"ListItem","position":1,"name":"In\u00edcio","item":"https:\/\/f64filmes.com\/f64\/"},{"@type":"ListItem","position":2,"name":"About"}]},{"@type":"WebSite","@id":"https:\/\/f64filmes.com\/f64\/#website","url":"https:\/\/f64filmes.com\/f64\/","name":"F64 Filmes","description":"A F64 Filmes \u00e9 uma produtora audiovisual focada em cinema e televis\u00e3o.","potentialAction":[{"@type":"SearchAction","target":{"@type":"EntryPoint","urlTemplate":"https:\/\/f64filmes.com\/f64\/?s={search_term_string}"},"query-input":"required name=search_term_string"}],"inLanguage":"en-US"}]}},"_links":{"self":[{"href":"https:\/\/f64filmes.com\/f64\/en\/wp-json\/wp\/v2\/pages\/423"}],"collection":[{"href":"https:\/\/f64filmes.com\/f64\/en\/wp-json\/wp\/v2\/pages"}],"about":[{"href":"https:\/\/f64filmes.com\/f64\/en\/wp-json\/wp\/v2\/types\/page"}],"author":[{"embeddable":true,"href":"https:\/\/f64filmes.com\/f64\/en\/wp-json\/wp\/v2\/users\/2"}],"replies":[{"embeddable":true,"href":"https:\/\/f64filmes.com\/f64\/en\/wp-json\/wp\/v2\/comments?post=423"}],"version-history":[{"count":9,"href":"https:\/\/f64filmes.com\/f64\/en\/wp-json\/wp\/v2\/pages\/423\/revisions"}],"predecessor-version":[{"id":517,"href":"https:\/\/f64filmes.com\/f64\/en\/wp-json\/wp\/v2\/pages\/423\/revisions\/517"}],"wp:attachment":[{"href":"https:\/\/f64filmes.com\/f64\/en\/wp-json\/wp\/v2\/media?parent=423"}],"curies":[{"name":"wp","href":"https:\/\/api.w.org\/{rel}","templated":true}]}}