{"id":6,"date":"2017-10-05T01:55:31","date_gmt":"2017-10-05T04:55:31","guid":{"rendered":"http:\/\/f64.dev\/?page_id=6"},"modified":"2018-10-19T16:35:42","modified_gmt":"2018-10-19T19:35:42","slug":"sobre","status":"publish","type":"page","link":"https:\/\/f64filmes.com\/f64\/sobre\/","title":{"rendered":"Sobre"},"content":{"rendered":"<p align=\"justify\">A F64 Filmes \u00e9 uma produtora de cinema sediada em Goi\u00e2nia, Goi\u00e1s. Herdeira e um dos frutos do Cineclube Ant\u00f4nio das Mortes, criado em 1977, presente em mostras, debates e produ\u00e7\u00f5es independentes, a F64 Filmes nasceu em 2013 por iniciativa de Bel\u00e9m de Oliveira, Wadih Elkadi e Victor Arantes para desenvolver projetos audiovisuais de for\u00e7a pol\u00edtica e est\u00e9tica voltados para o mercado nacional e internacional.<\/p>\n<p>Na busca pela excel\u00eancia art\u00edstica e t\u00e9cnica, a produtora desenvolve e realiza todos os seus projetos com parcerias diversas &#8211; regionais, nacionais ou internacionais. Dessa forma, a coprodu\u00e7\u00e3o nacional e internacional \u00e9 o cerne de sua estrat\u00e9gia de atua\u00e7\u00e3o.<\/p>\n<p>Dentre os projetos realizados pela F64 Filmes, destacam-se obras para cinema, televis\u00e3o, longa-metragens, curta-metragens, mostras, debates e festivais de cinema.<\/p>\n","protected":false},"excerpt":{"rendered":"<p>A F64 Filmes \u00e9 uma produtora de cinema sediada em Goi\u00e2nia, Goi\u00e1s. Herdeira e um dos frutos do Cineclube Ant\u00f4nio das Mortes, criado em 1977, presente em mostras, debates e produ\u00e7\u00f5es independentes, a F64 Filmes nasceu em 2013 por iniciativa de Bel\u00e9m de Oliveira, Wadih Elkadi e Victor Arantes para desenvolver projetos audiovisuais de for\u00e7a [&hellip;]<\/p>\n","protected":false},"author":2,"featured_media":0,"parent":0,"menu_order":0,"comment_status":"closed","ping_status":"closed","template":"template-about.php","meta":{"_acf_changed":false,"_exactmetrics_skip_tracking":false,"_exactmetrics_sitenote_active":false,"_exactmetrics_sitenote_note":"","_exactmetrics_sitenote_category":0,"footnotes":""},"class_list":["post-6","page","type-page","status-publish","hentry"],"acf":{"equipe_repeater":[{"eqp_imagem":267,"eqp_nome":"Bel\u00e9m de Oliveira","eqp_texto":"<p style=\"text-align: justify;\">Bel\u00e9m de Oliveira \u00e9 graduado em Economia pela Unicamp e possui mestrado em Desenvolvimento Econ\u00f4mico pela Sorbonne Nouvelle (Paris 3). Ele tamb\u00e9m possui mestrado em Cinema pela Universidade Paris-Diderot (Paris 7). Durante o tempo em que morou na Fran\u00e7a, trabalhou em diversas produ\u00e7\u00f5es cinematogr\u00e1ficas como fot\u00f3grafo cinematogr\u00e1fico, diretor e produtor, como em Libert\u00e9 Ch\u00e9rie.<\/p>\r\n<p style=\"text-align: justify;\">Em 2013 fundou no Brasil sua pr\u00f3pria empresa, a F64 Filmes, focada em co-produ\u00e7\u00f5es internacionais para cinema e televis\u00e3o. Produziu em 2016, o document\u00e1rio Taego \u00c3wa, selecionado no festival Cinema du R\u00e9el em Paris. Em 2018 lan\u00e7a o longa El \u00daltimo Pa\u00eds, uma co-produ\u00e7\u00e3o entre Brasil, Cuba e Angola, fazendo sua estr\u00e9ia no Festival de Malaga.<\/p>\r\n<p style=\"text-align: justify;\">Atualmente est\u00e1 produzindo seu primeiro longa documental Cu de Boi. Bel\u00e9m de Oliveira \u00e9 fot\u00f3grafo cinematogr\u00e1fico, diretor, produtor, m\u00fasico e s\u00f3cio fundador da F64 Filmes.<\/p>"},{"eqp_imagem":287,"eqp_nome":"Wadih Elkadi","eqp_texto":"<p style=\"text-align: justify;\">Wadih Elkadi \u00e9 produtor executivo da F64 Filmes desde sua cria\u00e7\u00e3o, em 2013. \u00c9 produtor da BIS - Bienal Internacional do Cinema Sonoro. Come\u00e7ou sua carreira no audiovisual organizando mais de 40 mostras de anima\u00e7\u00e3o japonesa, entre 2002 e 2010. Durante esse per\u00edodo, ele trabalhou tamb\u00e9m como Produtor Cultural para algumas empresas e universidades, como a PUC-GO, UEG e a Livraria Saraiva . Suas \u00faltimas produ\u00e7\u00f5es, entre longas e curtas-metragens, e filmes para TV, foram: Taego \u00c3wa, Cu de Boi, No Escuro, Ra\u00edzes, Pelas Beiradas, entre outros. Ser\u00e1 lan\u00e7ado em 2018, seu primeiro longa como diretor, o document\u00e1rio No Pa\u00eds do Football.<\/p>"}]},"yoast_head":"<!-- This site is optimized with the Yoast SEO plugin v23.3 - https:\/\/yoast.com\/wordpress\/plugins\/seo\/ -->\n<title>Sobre - F64 Filmes<\/title>\n<meta name=\"description\" content=\"A F64 Filmes, sediada em Goi\u00e2nia, Goi\u00e1s, nasceu em 2013 por iniciativa de Bel\u00e9m de Oliveira, Wadih Elkadi e Victor Arantes para desenvolver projetos audiovisuais de for\u00e7a pol\u00edtica e est\u00e9tica voltados para o mercado nacional e internacional.\" \/>\n<meta name=\"robots\" content=\"index, follow, max-snippet:-1, max-image-preview:large, max-video-preview:-1\" \/>\n<link rel=\"canonical\" href=\"https:\/\/f64filmes.com\/f64\/sobre\/\" \/>\n<meta property=\"og:locale\" content=\"pt_BR\" \/>\n<meta property=\"og:type\" content=\"article\" \/>\n<meta property=\"og:title\" content=\"Sobre - F64 Filmes\" \/>\n<meta property=\"og:description\" content=\"A F64 Filmes, sediada em Goi\u00e2nia, Goi\u00e1s, nasceu em 2013 por iniciativa de Bel\u00e9m de Oliveira, Wadih Elkadi e Victor Arantes para desenvolver projetos audiovisuais de for\u00e7a pol\u00edtica e est\u00e9tica voltados para o mercado nacional e internacional.\" \/>\n<meta property=\"og:url\" content=\"https:\/\/f64filmes.com\/f64\/sobre\/\" \/>\n<meta property=\"og:site_name\" content=\"F64 Filmes\" \/>\n<meta property=\"article:modified_time\" content=\"2018-10-19T19:35:42+00:00\" \/>\n<meta name=\"twitter:card\" content=\"summary_large_image\" \/>\n<meta name=\"twitter:label1\" content=\"Est. tempo de leitura\" \/>\n\t<meta name=\"twitter:data1\" content=\"1 minuto\" \/>\n<script type=\"application\/ld+json\" class=\"yoast-schema-graph\">{\"@context\":\"https:\/\/schema.org\",\"@graph\":[{\"@type\":\"WebPage\",\"@id\":\"https:\/\/f64filmes.com\/f64\/sobre\/\",\"url\":\"https:\/\/f64filmes.com\/f64\/sobre\/\",\"name\":\"Sobre - F64 Filmes\",\"isPartOf\":{\"@id\":\"https:\/\/f64filmes.com\/f64\/#website\"},\"datePublished\":\"2017-10-05T04:55:31+00:00\",\"dateModified\":\"2018-10-19T19:35:42+00:00\",\"description\":\"A F64 Filmes, sediada em Goi\u00e2nia, Goi\u00e1s, nasceu em 2013 por iniciativa de Bel\u00e9m de Oliveira, Wadih Elkadi e Victor Arantes para desenvolver projetos audiovisuais de for\u00e7a pol\u00edtica e est\u00e9tica voltados para o mercado nacional e internacional.\",\"breadcrumb\":{\"@id\":\"https:\/\/f64filmes.com\/f64\/sobre\/#breadcrumb\"},\"inLanguage\":\"pt-BR\",\"potentialAction\":[{\"@type\":\"ReadAction\",\"target\":[\"https:\/\/f64filmes.com\/f64\/sobre\/\"]}]},{\"@type\":\"BreadcrumbList\",\"@id\":\"https:\/\/f64filmes.com\/f64\/sobre\/#breadcrumb\",\"itemListElement\":[{\"@type\":\"ListItem\",\"position\":1,\"name\":\"In\u00edcio\",\"item\":\"https:\/\/f64filmes.com\/f64\/\"},{\"@type\":\"ListItem\",\"position\":2,\"name\":\"Sobre\"}]},{\"@type\":\"WebSite\",\"@id\":\"https:\/\/f64filmes.com\/f64\/#website\",\"url\":\"https:\/\/f64filmes.com\/f64\/\",\"name\":\"F64 Filmes\",\"description\":\"A F64 Filmes \u00e9 uma produtora audiovisual focada em cinema e televis\u00e3o.\",\"potentialAction\":[{\"@type\":\"SearchAction\",\"target\":{\"@type\":\"EntryPoint\",\"urlTemplate\":\"https:\/\/f64filmes.com\/f64\/?s={search_term_string}\"},\"query-input\":\"required name=search_term_string\"}],\"inLanguage\":\"pt-BR\"}]}<\/script>\n<!-- \/ Yoast SEO plugin. -->","yoast_head_json":{"title":"Sobre - F64 Filmes","description":"A F64 Filmes, sediada em Goi\u00e2nia, Goi\u00e1s, nasceu em 2013 por iniciativa de Bel\u00e9m de Oliveira, Wadih Elkadi e Victor Arantes para desenvolver projetos audiovisuais de for\u00e7a pol\u00edtica e est\u00e9tica voltados para o mercado nacional e internacional.","robots":{"index":"index","follow":"follow","max-snippet":"max-snippet:-1","max-image-preview":"max-image-preview:large","max-video-preview":"max-video-preview:-1"},"canonical":"https:\/\/f64filmes.com\/f64\/sobre\/","og_locale":"pt_BR","og_type":"article","og_title":"Sobre - F64 Filmes","og_description":"A F64 Filmes, sediada em Goi\u00e2nia, Goi\u00e1s, nasceu em 2013 por iniciativa de Bel\u00e9m de Oliveira, Wadih Elkadi e Victor Arantes para desenvolver projetos audiovisuais de for\u00e7a pol\u00edtica e est\u00e9tica voltados para o mercado nacional e internacional.","og_url":"https:\/\/f64filmes.com\/f64\/sobre\/","og_site_name":"F64 Filmes","article_modified_time":"2018-10-19T19:35:42+00:00","twitter_card":"summary_large_image","twitter_misc":{"Est. tempo de leitura":"1 minuto"},"schema":{"@context":"https:\/\/schema.org","@graph":[{"@type":"WebPage","@id":"https:\/\/f64filmes.com\/f64\/sobre\/","url":"https:\/\/f64filmes.com\/f64\/sobre\/","name":"Sobre - F64 Filmes","isPartOf":{"@id":"https:\/\/f64filmes.com\/f64\/#website"},"datePublished":"2017-10-05T04:55:31+00:00","dateModified":"2018-10-19T19:35:42+00:00","description":"A F64 Filmes, sediada em Goi\u00e2nia, Goi\u00e1s, nasceu em 2013 por iniciativa de Bel\u00e9m de Oliveira, Wadih Elkadi e Victor Arantes para desenvolver projetos audiovisuais de for\u00e7a pol\u00edtica e est\u00e9tica voltados para o mercado nacional e internacional.","breadcrumb":{"@id":"https:\/\/f64filmes.com\/f64\/sobre\/#breadcrumb"},"inLanguage":"pt-BR","potentialAction":[{"@type":"ReadAction","target":["https:\/\/f64filmes.com\/f64\/sobre\/"]}]},{"@type":"BreadcrumbList","@id":"https:\/\/f64filmes.com\/f64\/sobre\/#breadcrumb","itemListElement":[{"@type":"ListItem","position":1,"name":"In\u00edcio","item":"https:\/\/f64filmes.com\/f64\/"},{"@type":"ListItem","position":2,"name":"Sobre"}]},{"@type":"WebSite","@id":"https:\/\/f64filmes.com\/f64\/#website","url":"https:\/\/f64filmes.com\/f64\/","name":"F64 Filmes","description":"A F64 Filmes \u00e9 uma produtora audiovisual focada em cinema e televis\u00e3o.","potentialAction":[{"@type":"SearchAction","target":{"@type":"EntryPoint","urlTemplate":"https:\/\/f64filmes.com\/f64\/?s={search_term_string}"},"query-input":"required name=search_term_string"}],"inLanguage":"pt-BR"}]}},"_links":{"self":[{"href":"https:\/\/f64filmes.com\/f64\/wp-json\/wp\/v2\/pages\/6"}],"collection":[{"href":"https:\/\/f64filmes.com\/f64\/wp-json\/wp\/v2\/pages"}],"about":[{"href":"https:\/\/f64filmes.com\/f64\/wp-json\/wp\/v2\/types\/page"}],"author":[{"embeddable":true,"href":"https:\/\/f64filmes.com\/f64\/wp-json\/wp\/v2\/users\/2"}],"replies":[{"embeddable":true,"href":"https:\/\/f64filmes.com\/f64\/wp-json\/wp\/v2\/comments?post=6"}],"version-history":[{"count":23,"href":"https:\/\/f64filmes.com\/f64\/wp-json\/wp\/v2\/pages\/6\/revisions"}],"predecessor-version":[{"id":509,"href":"https:\/\/f64filmes.com\/f64\/wp-json\/wp\/v2\/pages\/6\/revisions\/509"}],"wp:attachment":[{"href":"https:\/\/f64filmes.com\/f64\/wp-json\/wp\/v2\/media?parent=6"}],"curies":[{"name":"wp","href":"https:\/\/api.w.org\/{rel}","templated":true}]}}